{"id":7364,"date":"2025-05-06T13:14:27","date_gmt":"2025-05-06T11:14:27","guid":{"rendered":"https:\/\/www.phasegruen.de\/fr\/?page_id=7364"},"modified":"2025-05-07T10:46:16","modified_gmt":"2025-05-07T08:46:16","slug":"accueil-phase-grun","status":"publish","type":"page","link":"https:\/\/www.phasegruen.de\/fr\/","title":{"rendered":"Accueil &#8211; phase gr\u00fcn"},"content":{"rendered":"\t\t<div data-elementor-type=\"wp-page\" data-elementor-id=\"7364\" class=\"elementor elementor-7364\">\n\t\t\t\t\t\t<section class=\"elementor-section elementor-top-section elementor-element elementor-element-7a3a9ccf elementor-section-stretched elementor-section-boxed elementor-section-height-default elementor-section-height-default\" data-id=\"7a3a9ccf\" data-element_type=\"section\" data-e-type=\"section\" data-settings=\"{&quot;stretch_section&quot;:&quot;section-stretched&quot;}\">\n\t\t\t\t\t\t<div class=\"elementor-container elementor-column-gap-default\">\n\t\t\t\t\t<div class=\"elementor-column elementor-col-100 elementor-top-column elementor-element elementor-element-55705043\" data-id=\"55705043\" data-element_type=\"column\" data-e-type=\"column\">\n\t\t\t<div class=\"elementor-widget-wrap elementor-element-populated\">\n\t\t\t\t\t\t<div class=\"elementor-element elementor-element-4481a9f4 elementor-widget__width-initial elementor-widget-tablet__width-inherit elementor-widget-mobile__width-inherit elementor-widget elementor-widget-image\" data-id=\"4481a9f4\" data-element_type=\"widget\" data-e-type=\"widget\" data-widget_type=\"image.default\">\n\t\t\t\t<div class=\"elementor-widget-container\">\n\t\t\t\t\t\t\t\t\t\t\t\t\t\t\t<img decoding=\"async\" src=\"https:\/\/www.phasegruen.de\/fr\/wp-content\/uploads\/sites\/3\/2025\/04\/marshase-visionen-eroeffnen-chancen_klein-scaled-1.jpg\" title=\"marshase-visionen-eroeffnen-chancen_klein-scaled.jpg\" alt=\"marshase-visionen-eroeffnen-chancen_klein-scaled.jpg\" loading=\"lazy\" \/>\t\t\t\t\t\t\t\t\t\t\t\t\t\t\t<\/div>\n\t\t\t\t<\/div>\n\t\t\t\t\t<\/div>\n\t\t<\/div>\n\t\t\t\t\t<\/div>\n\t\t<\/section>\n\t\t\t\t<section class=\"elementor-section elementor-top-section elementor-element elementor-element-99b8c62 elementor-section-boxed elementor-section-height-default elementor-section-height-default\" data-id=\"99b8c62\" data-element_type=\"section\" data-e-type=\"section\">\n\t\t\t\t\t\t<div class=\"elementor-container elementor-column-gap-default\">\n\t\t\t\t\t<div class=\"elementor-column elementor-col-100 elementor-top-column elementor-element elementor-element-612b7a8e\" data-id=\"612b7a8e\" data-element_type=\"column\" data-e-type=\"column\">\n\t\t\t<div class=\"elementor-widget-wrap elementor-element-populated\">\n\t\t\t\t\t\t<div class=\"elementor-element elementor-element-1dedd37e elementor-widget__width-initial elementor-widget elementor-widget-text-editor\" data-id=\"1dedd37e\" data-element_type=\"widget\" data-e-type=\"widget\" data-widget_type=\"text-editor.default\">\n\t\t\t\t<div class=\"elementor-widget-container\">\n\t\t\t\t\t\t\t\t\t<h2 style=\"color: #008042;\">Bienvenue chez phase gr\u00fcn \u2013 <br>l\u2019agence de marketing en ligne et de cr\u00e9ation.<\/h2>\n<p>Nous sommes bien plus qu\u2019une simple agence de publicit\u00e9 \u2013 nous sommes une \u00e9quipe qui transforme les visions en r\u00e9alit\u00e9.<\/p>\n<p>Depuis plus de 20 ans, nous accompagnons et guidons nos clients, ainsi que toutes les personnes qui se reconnaissent dans notre mani\u00e8re d\u2019aborder les d\u00e9fis. Parfois, nous explorons ensemble avec nos clients leurs id\u00e9es, leurs envies ou des concepts tr\u00e8s concrets. D\u2019autres fois, nous \u00e9coutons attentivement, posons des questions cibl\u00e9es et d\u00e9finissons ensemble le meilleur chemin vers l\u2019objectif \u2013 qu\u2019il s\u2019agisse d\u2019un produit, d\u2019un logo ou de toute autre chose n\u00e9cessaire.<\/p>\n<p>Vous en apprendrez plus sur nous \u00e0 travers les contenus de notre site internet, sur les r\u00e9seaux sociaux, ou tout simplement autour d\u2019un caf\u00e9 lors d\u2019un entretien d\u00e9couverte gratuit et sans engagement \u2013 en visioconf\u00e9rence,&nbsp;chez notre bureau dans la belle r\u00e9gion du Saarland ou chez vous. \u00c0 bient\u00f4t, l\u2019\u00e9quipe de phase gr\u00fcn.<\/p>\t\t\t\t\t\t\t\t<\/div>\n\t\t\t\t<\/div>\n\t\t\t\t\t<\/div>\n\t\t<\/div>\n\t\t\t\t\t<\/div>\n\t\t<\/section>\n\t\t\t\t<section class=\"elementor-section elementor-top-section elementor-element elementor-element-65e75616 elementor-section-boxed elementor-section-height-default elementor-section-height-default\" data-id=\"65e75616\" data-element_type=\"section\" data-e-type=\"section\">\n\t\t\t\t\t\t<div class=\"elementor-container elementor-column-gap-default\">\n\t\t\t\t\t<div class=\"elementor-column elementor-col-100 elementor-top-column elementor-element elementor-element-4b8dd03a\" data-id=\"4b8dd03a\" data-element_type=\"column\" data-e-type=\"column\">\n\t\t\t<div class=\"elementor-widget-wrap elementor-element-populated\">\n\t\t\t\t\t\t<div class=\"elementor-element elementor-element-24290879 elementor-widget__width-initial elementor-widget elementor-widget-elementskit-blog-posts\" data-id=\"24290879\" data-element_type=\"widget\" data-e-type=\"widget\" data-widget_type=\"elementskit-blog-posts.default\">\n\t\t\t\t<div class=\"elementor-widget-container\">\n\t\t\t\t\t<div class=\"ekit-wid-con\" >        <div id=\"post-items--24290879\" class=\"row post-items\">\n                    <div class=\"col-lg-4 col-md-6\">\n\n                                    <div class=\"elementskit-post-image-card\">\n                        <div class=\"elementskit-entry-header\">\n                                                            <a href=\"https:\/\/www.phasegruen.de\/fr\/blog\/2022\/05\/31\/personnalisation\/\" class=\"elementskit-entry-thumb\">\n                                    <img decoding=\"async\" src=\"https:\/\/www.phasegruen.de\/fr\/wp-content\/uploads\/sites\/3\/2022\/05\/kundenbindung-durch-personalisierung-520x410.jpg\" alt=\"Fid\u00e9liser les clients gr\u00e2ce \u00e0 la personnalisation ?\">\n                                <\/a><!-- .elementskit-entry-thumb END -->\n                                                            \n                            \n\t\t\t\t\t\t\t\t\t\t\t\t\t<\/div><!-- .elementskit-entry-header END -->\n\n\t\t\t\t\t\t<div class=\"elementskit-post-body \">\n\t\t\t\t\t\t\t\n\t\t\t\t\t\t\t\t\t\t\t\t\t\t\t\t\t\t\t\t\t\t\t\t\t\t\t\t\t\t\n\t\t\t\t\t\t\t\t\n\t\t\t\t\t\t\t\t\t\t\t\t\t\t\t\t\t\t\t\t\t<h2 class=\"entry-title\">\n\t\t\t\t\t<a href=\"https:\/\/www.phasegruen.de\/fr\/blog\/2022\/05\/31\/personnalisation\/\">\n\t\t\t\t\t\tFid\u00e9liser les clients gr\u00e2ce \u00e0 la personnalisation ?\t\t\t\t\t<\/a>\n\t\t\t\t<\/h2>\n\t\t\t\t\t\t\t\t\t\t\t\t\t\t\t\t\t\t\t\t\t\t\t\t\t\t\t\t\t\t\t\t                                                    <\/div><!-- .elementskit-post-body END -->\n                    <\/div>\n                \n            <\/div>\n                    <div class=\"col-lg-4 col-md-6\">\n\n                                    <div class=\"elementskit-post-image-card\">\n                        <div class=\"elementskit-entry-header\">\n                                                            <a href=\"https:\/\/www.phasegruen.de\/fr\/blog\/2022\/01\/20\/sustainable-design\/\" class=\"elementskit-entry-thumb\">\n                                    <img decoding=\"async\" src=\"https:\/\/www.phasegruen.de\/fr\/wp-content\/uploads\/sites\/3\/2021\/12\/sustainable-design-520x410.jpg\" alt=\"Sustainable Design : quand la durabilit\u00e9 trouve aussi sa place dans le design\">\n                                <\/a><!-- .elementskit-entry-thumb END -->\n                                                            \n                            \n\t\t\t\t\t\t\t\t\t\t\t\t\t<\/div><!-- .elementskit-entry-header END -->\n\n\t\t\t\t\t\t<div class=\"elementskit-post-body \">\n\t\t\t\t\t\t\t\n\t\t\t\t\t\t\t\t\t\t\t\t\t\t\t\t\t\t\t\t\t\t\t\t\t\t\t\t\t\t\n\t\t\t\t\t\t\t\t\n\t\t\t\t\t\t\t\t\t\t\t\t\t\t\t\t\t\t\t\t\t<h2 class=\"entry-title\">\n\t\t\t\t\t<a href=\"https:\/\/www.phasegruen.de\/fr\/blog\/2022\/01\/20\/sustainable-design\/\">\n\t\t\t\t\t\tSustainable Design : quand la durabilit\u00e9 trouve aussi sa place dans le design\t\t\t\t\t<\/a>\n\t\t\t\t<\/h2>\n\t\t\t\t\t\t\t\t\t\t\t\t\t\t\t\t\t\t\t\t\t\t\t\t\t\t\t\t\t\t\t\t                                                    <\/div><!-- .elementskit-post-body END -->\n                    <\/div>\n                \n            <\/div>\n                    <div class=\"col-lg-4 col-md-6\">\n\n                                    <div class=\"elementskit-post-image-card\">\n                        <div class=\"elementskit-entry-header\">\n                                                            <a href=\"https:\/\/www.phasegruen.de\/fr\/blog\/2021\/11\/22\/wie-starke-marken-unser-gehirn-beeinflussen\/\" class=\"elementskit-entry-thumb\">\n                                    <img decoding=\"async\" src=\"https:\/\/www.phasegruen.de\/fr\/wp-content\/uploads\/sites\/3\/2021\/10\/neuromarketing-starke-marken-520x410.jpg\" alt=\"Comment les marques fortes influencent notre cerveau\">\n                                <\/a><!-- .elementskit-entry-thumb END -->\n                                                            \n                            \n\t\t\t\t\t\t\t\t\t\t\t\t\t<\/div><!-- .elementskit-entry-header END -->\n\n\t\t\t\t\t\t<div class=\"elementskit-post-body \">\n\t\t\t\t\t\t\t\n\t\t\t\t\t\t\t\t\t\t\t\t\t\t\t\t\t\t\t\t\t\t\t\t\t\t\t\t\t\t\n\t\t\t\t\t\t\t\t\n\t\t\t\t\t\t\t\t\t\t\t\t\t\t\t\t\t\t\t\t\t<h2 class=\"entry-title\">\n\t\t\t\t\t<a href=\"https:\/\/www.phasegruen.de\/fr\/blog\/2021\/11\/22\/wie-starke-marken-unser-gehirn-beeinflussen\/\">\n\t\t\t\t\t\tComment les marques fortes influencent notre cerveau\t\t\t\t\t<\/a>\n\t\t\t\t<\/h2>\n\t\t\t\t\t\t\t\t\t\t\t\t\t\t\t\t\t\t\t\t\t\t\t\t\t\t\t\t\t\t\t\t                                                    <\/div><!-- .elementskit-post-body END -->\n                    <\/div>\n                \n            <\/div>\n                    <div class=\"col-lg-4 col-md-6\">\n\n                                    <div class=\"elementskit-post-image-card\">\n                        <div class=\"elementskit-entry-header\">\n                                                            <a href=\"https:\/\/www.phasegruen.de\/fr\/blog\/2021\/06\/15\/conception-d-espace-meluxina\/\" class=\"elementskit-entry-thumb\">\n                                    <img decoding=\"async\" src=\"https:\/\/www.phasegruen.de\/fr\/wp-content\/uploads\/sites\/3\/2022\/05\/raumgestaltung-luxprovide-520x410.jpg\" alt=\"Conception d&#8217;espace pour MeluXina\">\n                                <\/a><!-- .elementskit-entry-thumb END -->\n                                                            \n                            \n\t\t\t\t\t\t\t\t\t\t\t\t\t<\/div><!-- .elementskit-entry-header END -->\n\n\t\t\t\t\t\t<div class=\"elementskit-post-body \">\n\t\t\t\t\t\t\t\n\t\t\t\t\t\t\t\t\t\t\t\t\t\t\t\t\t\t\t\t\t\t\t\t\t\t\t\t\t\t\n\t\t\t\t\t\t\t\t\n\t\t\t\t\t\t\t\t\t\t\t\t\t\t\t\t\t\t\t\t\t<h2 class=\"entry-title\">\n\t\t\t\t\t<a href=\"https:\/\/www.phasegruen.de\/fr\/blog\/2021\/06\/15\/conception-d-espace-meluxina\/\">\n\t\t\t\t\t\tConception d&#8217;espace pour MeluXina\t\t\t\t\t<\/a>\n\t\t\t\t<\/h2>\n\t\t\t\t\t\t\t\t\t\t\t\t\t\t\t\t\t\t\t\t\t\t\t\t\t\t\t\t\t\t\t\t                                                    <\/div><!-- .elementskit-post-body END -->\n                    <\/div>\n                \n            <\/div>\n                    <div class=\"col-lg-4 col-md-6\">\n\n                                    <div class=\"elementskit-post-image-card\">\n                        <div class=\"elementskit-entry-header\">\n                                                            <a href=\"https:\/\/www.phasegruen.de\/fr\/blog\/2020\/12\/16\/strategie-marketing\/\" class=\"elementskit-entry-thumb\">\n                                    <img decoding=\"async\" src=\"https:\/\/www.phasegruen.de\/fr\/wp-content\/uploads\/sites\/3\/2020\/12\/marketingstrategie-520x410.jpg\" alt=\"R\u00e9ussir gr\u00e2ce \u00e0 une strat\u00e9gie marketing adapt\u00e9e\">\n                                <\/a><!-- .elementskit-entry-thumb END -->\n                                                            \n                            \n\t\t\t\t\t\t\t\t\t\t\t\t\t<\/div><!-- .elementskit-entry-header END -->\n\n\t\t\t\t\t\t<div class=\"elementskit-post-body \">\n\t\t\t\t\t\t\t\n\t\t\t\t\t\t\t\t\t\t\t\t\t\t\t\t\t\t\t\t\t\t\t\t\t\t\t\t\t\t\n\t\t\t\t\t\t\t\t\n\t\t\t\t\t\t\t\t\t\t\t\t\t\t\t\t\t\t\t\t\t<h2 class=\"entry-title\">\n\t\t\t\t\t<a href=\"https:\/\/www.phasegruen.de\/fr\/blog\/2020\/12\/16\/strategie-marketing\/\">\n\t\t\t\t\t\tR\u00e9ussir gr\u00e2ce \u00e0 une strat\u00e9gie marketing adapt\u00e9e\t\t\t\t\t<\/a>\n\t\t\t\t<\/h2>\n\t\t\t\t\t\t\t\t\t\t\t\t\t\t\t\t\t\t\t\t\t\t\t\t\t\t\t\t\t\t\t\t                                                    <\/div><!-- .elementskit-post-body END -->\n                    <\/div>\n                \n            <\/div>\n                    <div class=\"col-lg-4 col-md-6\">\n\n                                    <div class=\"elementskit-post-image-card\">\n                        <div class=\"elementskit-entry-header\">\n                                                            <a href=\"https:\/\/www.phasegruen.de\/fr\/blog\/2020\/10\/01\/brochure-d-image-luxconnect\/\" class=\"elementskit-entry-thumb\">\n                                    <img decoding=\"async\" src=\"https:\/\/www.phasegruen.de\/fr\/wp-content\/uploads\/sites\/3\/2021\/11\/DSC_0660_web-520x410.jpg\" alt=\"LuxConnect &#8211; Brochure d&#8217;image\">\n                                <\/a><!-- .elementskit-entry-thumb END -->\n                                                            \n                            \n\t\t\t\t\t\t\t\t\t\t\t\t\t<\/div><!-- .elementskit-entry-header END -->\n\n\t\t\t\t\t\t<div class=\"elementskit-post-body \">\n\t\t\t\t\t\t\t\n\t\t\t\t\t\t\t\t\t\t\t\t\t\t\t\t\t\t\t\t\t\t\t\t\t\t\t\t\t\t\n\t\t\t\t\t\t\t\t\n\t\t\t\t\t\t\t\t\t\t\t\t\t\t\t\t\t\t\t\t\t<h2 class=\"entry-title\">\n\t\t\t\t\t<a href=\"https:\/\/www.phasegruen.de\/fr\/blog\/2020\/10\/01\/brochure-d-image-luxconnect\/\">\n\t\t\t\t\t\tLuxConnect &#8211; Brochure d&#8217;image\t\t\t\t\t<\/a>\n\t\t\t\t<\/h2>\n\t\t\t\t\t\t\t\t\t\t\t\t\t\t\t\t\t\t\t\t\t\t\t\t\t\t\t\t\t\t\t\t                                                    <\/div><!-- .elementskit-post-body END -->\n                    <\/div>\n                \n            <\/div>\n                <\/div>\n       <\/div>\t\t\t\t<\/div>\n\t\t\t\t<\/div>\n\t\t\t\t\t<\/div>\n\t\t<\/div>\n\t\t\t\t<div class=\"elementor-column elementor-col-100 elementor-top-column elementor-element elementor-element-1511d927\" data-id=\"1511d927\" data-element_type=\"column\" data-e-type=\"column\">\n\t\t\t<div class=\"elementor-widget-wrap elementor-element-populated\">\n\t\t\t\t\t\t<div class=\"elementor-element elementor-element-5331eea4 elementor-align-left elementor-widget__width-initial elementor-mobile-align-center elementor-widget elementor-widget-elementskit-category-list\" data-id=\"5331eea4\" data-element_type=\"widget\" data-e-type=\"widget\" data-widget_type=\"elementskit-category-list.default\">\n\t\t\t\t<div class=\"elementor-widget-container\">\n\t\t\t\t\t<div class=\"ekit-wid-con\" >\t\t<ul class=\"elementor-icon-list-items\">\n\t\t\t\t\t\t\t<li class=\"elementor-icon-list-item\">\n\t\t\t\t\t<a href=\"https:\/\/www.phasegruen.de\/fr\/blog\/category\/general\/\" >\n                                                    <span class=\"elementor-icon-list-icon\">\n\t\t\t\t\t\t\t\t<i aria-hidden=\"true\" class=\"fas fa-check\"><\/i>                            <\/span>\n                                                <span class=\"elementor-icon-list-text\">G\u00e9n\u00e9ral<\/span>\n\t\t\t\t\t<\/a>\n\t\t\t\t<\/li>\n\t\t\t\t\t\t\t\t<li class=\"elementor-icon-list-item\">\n\t\t\t\t\t<a href=\"https:\/\/www.phasegruen.de\/fr\/blog\/category\/digital\/\" >\n                                                    <span class=\"elementor-icon-list-icon\">\n\t\t\t\t\t\t\t\t<i aria-hidden=\"true\" class=\"fas fa-check\"><\/i>                            <\/span>\n                                                <span class=\"elementor-icon-list-text\">Digital<\/span>\n\t\t\t\t\t<\/a>\n\t\t\t\t<\/li>\n\t\t\t\t\t\t\t\t<li class=\"elementor-icon-list-item\">\n\t\t\t\t\t<a href=\"https:\/\/www.phasegruen.de\/fr\/blog\/category\/engagement\/\" >\n                                                    <span class=\"elementor-icon-list-icon\">\n\t\t\t\t\t\t\t\t<i aria-hidden=\"true\" class=\"fas fa-check\"><\/i>                            <\/span>\n                                                <span class=\"elementor-icon-list-text\">Engagement<\/span>\n\t\t\t\t\t<\/a>\n\t\t\t\t<\/li>\n\t\t\t\t\t\t\t\t<li class=\"elementor-icon-list-item\">\n\t\t\t\t\t<a href=\"https:\/\/www.phasegruen.de\/fr\/blog\/category\/creatif\/\" >\n                                                    <span class=\"elementor-icon-list-icon\">\n\t\t\t\t\t\t\t\t<i aria-hidden=\"true\" class=\"fas fa-check\"><\/i>                            <\/span>\n                                                <span class=\"elementor-icon-list-text\">Cr\u00e9atif<\/span>\n\t\t\t\t\t<\/a>\n\t\t\t\t<\/li>\n\t\t\t\t\t\t\t\t<li class=\"elementor-icon-list-item\">\n\t\t\t\t\t<a href=\"https:\/\/www.phasegruen.de\/fr\/blog\/category\/marketing\/\" >\n                                                    <span class=\"elementor-icon-list-icon\">\n\t\t\t\t\t\t\t\t<i aria-hidden=\"true\" class=\"fas fa-check\"><\/i>                            <\/span>\n                                                <span class=\"elementor-icon-list-text\">Marketing<\/span>\n\t\t\t\t\t<\/a>\n\t\t\t\t<\/li>\n\t\t\t\t\t\t\t\t<li class=\"elementor-icon-list-item\">\n\t\t\t\t\t<a href=\"https:\/\/www.phasegruen.de\/fr\/blog\/category\/portefeuille\/\" >\n                                                    <span class=\"elementor-icon-list-icon\">\n\t\t\t\t\t\t\t\t<i aria-hidden=\"true\" class=\"fas fa-check\"><\/i>                            <\/span>\n                                                <span class=\"elementor-icon-list-text\">Portefeuille<\/span>\n\t\t\t\t\t<\/a>\n\t\t\t\t<\/li>\n\t\t\t\t\t\t\t\t<li class=\"elementor-icon-list-item\">\n\t\t\t\t\t<a href=\"https:\/\/www.phasegruen.de\/fr\/blog\/category\/imprimer\/\" >\n                                                    <span class=\"elementor-icon-list-icon\">\n\t\t\t\t\t\t\t\t<i aria-hidden=\"true\" class=\"fas fa-check\"><\/i>                            <\/span>\n                                                <span class=\"elementor-icon-list-text\">Imprimer<\/span>\n\t\t\t\t\t<\/a>\n\t\t\t\t<\/li>\n\t\t\t\t\t\t\t\t<li class=\"elementor-icon-list-item\">\n\t\t\t\t\t<a href=\"https:\/\/www.phasegruen.de\/fr\/blog\/category\/web\/\" >\n                                                    <span class=\"elementor-icon-list-icon\">\n\t\t\t\t\t\t\t\t<i aria-hidden=\"true\" class=\"fas fa-check\"><\/i>                            <\/span>\n                                                <span class=\"elementor-icon-list-text\">Web<\/span>\n\t\t\t\t\t<\/a>\n\t\t\t\t<\/li>\n\t\t\t\t\t\t<\/ul>\n\t\t<\/div>\t\t\t\t<\/div>\n\t\t\t\t<\/div>\n\t\t\t\t\t<\/div>\n\t\t<\/div>\n\t\t\t\t\t<\/div>\n\t\t<\/section>\n\t\t\t\t<section class=\"elementor-section elementor-top-section elementor-element elementor-element-7351834a elementor-section-boxed elementor-section-height-default elementor-section-height-default\" data-id=\"7351834a\" data-element_type=\"section\" data-e-type=\"section\">\n\t\t\t\t\t\t<div class=\"elementor-container elementor-column-gap-default\">\n\t\t\t\t\t<div class=\"elementor-column elementor-col-100 elementor-top-column elementor-element elementor-element-79495c4e\" data-id=\"79495c4e\" data-element_type=\"column\" data-e-type=\"column\">\n\t\t\t<div class=\"elementor-widget-wrap elementor-element-populated\">\n\t\t\t\t\t\t<div class=\"elementor-element elementor-element-f46503c elementor-align-center elementor-widget elementor-widget-elementskit-button\" data-id=\"f46503c\" data-element_type=\"widget\" data-e-type=\"widget\" data-widget_type=\"elementskit-button.default\">\n\t\t\t\t<div class=\"elementor-widget-container\">\n\t\t\t\t\t<div class=\"ekit-wid-con\" >\t\t<div class=\"ekit-btn-wraper\">\n\t\t\t\t\t\t\t<a href=\"https:\/\/www.phasegruen.de\/blog\/\" class=\"elementskit-btn  whitespace--normal\" id=\"\">\n\t\t\t\t\tVoir le blog\t\t\t\t<\/a>\n\t\t\t\t\t<\/div>\n        <\/div>\t\t\t\t<\/div>\n\t\t\t\t<\/div>\n\t\t\t\t\t<\/div>\n\t\t<\/div>\n\t\t\t\t\t<\/div>\n\t\t<\/section>\n\t\t\t\t<section class=\"elementor-section elementor-top-section elementor-element elementor-element-2e96f7c3 elementor-section-boxed elementor-section-height-default elementor-section-height-default\" data-id=\"2e96f7c3\" data-element_type=\"section\" data-e-type=\"section\">\n\t\t\t\t\t\t<div class=\"elementor-container elementor-column-gap-default\">\n\t\t\t\t\t<div class=\"elementor-column elementor-col-100 elementor-top-column elementor-element elementor-element-72075cb5\" data-id=\"72075cb5\" data-element_type=\"column\" data-e-type=\"column\">\n\t\t\t<div class=\"elementor-widget-wrap elementor-element-populated\">\n\t\t\t\t\t\t<div class=\"elementor-element elementor-element-cd6414e elementor-widget elementor-widget-spacer\" data-id=\"cd6414e\" data-element_type=\"widget\" data-e-type=\"widget\" data-widget_type=\"spacer.default\">\n\t\t\t\t<div class=\"elementor-widget-container\">\n\t\t\t\t\t\t\t<div class=\"elementor-spacer\">\n\t\t\t<div class=\"elementor-spacer-inner\"><\/div>\n\t\t<\/div>\n\t\t\t\t\t\t<\/div>\n\t\t\t\t<\/div>\n\t\t\t\t\t<\/div>\n\t\t<\/div>\n\t\t\t\t\t<\/div>\n\t\t<\/section>\n\t\t\t\t<\/div>\n\t\t","protected":false},"excerpt":{"rendered":"<p>Bienvenue chez phase gr\u00fcn \u2013 l\u2019agence de marketing en ligne et de cr\u00e9ation. Nous sommes bien plus qu\u2019une simple agence de publicit\u00e9 \u2013 nous sommes une \u00e9quipe qui transforme les visions en r\u00e9alit\u00e9. Depuis plus de 20 ans, nous accompagnons et guidons nos clients, ainsi que toutes les personnes qui se reconnaissent dans notre mani\u00e8re<\/p>\n","protected":false},"author":2,"featured_media":0,"parent":0,"menu_order":0,"comment_status":"closed","ping_status":"closed","template":"page-fullwidth.php","meta":{"footnotes":""},"class_list":["post-7364","page","type-page","status-publish","hentry"],"_links":{"self":[{"href":"https:\/\/www.phasegruen.de\/fr\/wp-json\/wp\/v2\/pages\/7364","targetHints":{"allow":["GET"]}}],"collection":[{"href":"https:\/\/www.phasegruen.de\/fr\/wp-json\/wp\/v2\/pages"}],"about":[{"href":"https:\/\/www.phasegruen.de\/fr\/wp-json\/wp\/v2\/types\/page"}],"author":[{"embeddable":true,"href":"https:\/\/www.phasegruen.de\/fr\/wp-json\/wp\/v2\/users\/2"}],"replies":[{"embeddable":true,"href":"https:\/\/www.phasegruen.de\/fr\/wp-json\/wp\/v2\/comments?post=7364"}],"version-history":[{"count":14,"href":"https:\/\/www.phasegruen.de\/fr\/wp-json\/wp\/v2\/pages\/7364\/revisions"}],"predecessor-version":[{"id":7385,"href":"https:\/\/www.phasegruen.de\/fr\/wp-json\/wp\/v2\/pages\/7364\/revisions\/7385"}],"wp:attachment":[{"href":"https:\/\/www.phasegruen.de\/fr\/wp-json\/wp\/v2\/media?parent=7364"}],"curies":[{"name":"wp","href":"https:\/\/api.w.org\/{rel}","templated":true}]}}